{"id":71,"date":"2015-09-13T21:37:10","date_gmt":"2015-09-13T19:37:10","guid":{"rendered":"http:\/\/valg2013.hetland.net\/wp\/?page_id=71"},"modified":"2021-09-13T13:37:56","modified_gmt":"2021-09-13T11:37:56","slug":"historiske-resultater-ssv","status":"publish","type":"page","link":"https:\/\/valgblogg.hetland.net\/?page_id=71","title":{"rendered":"Historiske resultater SSV"},"content":{"rendered":"\n<p>Historiske resultater for SV i Stavanger, inkludert kretsene:<\/p>\n\n\n\n<figure class=\"wp-block-table\"><table><tbody><tr><td>&nbsp;<\/td><td><strong>2009<\/strong><\/td><td><strong>2011<\/strong><\/td><td><strong>2013<\/strong><\/td><td><strong>2015<\/strong><\/td><td><strong>2017<\/strong><\/td><td><strong>2019<\/strong><\/td><\/tr><tr><td>Norge<\/td><td>6,2<\/td><td>4,3<\/td><td>4,1<\/td><td>4,1<\/td><td>6,0<\/td><td>6,0<\/td><\/tr><tr><td>Rogaland<\/td><td>4,7<\/td><td>2,9<\/td><td>3,3<\/td><td>2,8<\/td><td>3,9<\/td><td>4,1<\/td><\/tr><tr><td><strong>Stavanger<\/strong><\/td><td><strong>7,1<\/strong><\/td><td><strong>3,9<\/strong><\/td><td><strong>5,2<\/strong><\/td><td><strong>4,3<\/strong><\/td><td><strong>5,8<\/strong><\/td><td><strong>5,1<\/strong><\/td><\/tr><tr><td>Austre \u00c5m\u00f8y<\/td><td>2,3<\/td><td>0,8<\/td><td>0,8<\/td><td>2,5<\/td><td>2,2<\/td><td><\/td><\/tr><tr><td>Bu\u00f8y\/Hundv\u00e5g<\/td><td>4,9<\/td><td>2,3<\/td><td>3,3<\/td><td>2,6<\/td><td>4,6<\/td><td>3,2<\/td><\/tr><tr><td>Eiganes<\/td><td>8,6<\/td><td>4,0<\/td><td>6,4<\/td><td>4,7<\/td><td>7,1<\/td><td>6,0<\/td><\/tr><tr><td>Finn\u00f8y<\/td><td><\/td><td><\/td><td><\/td><td><\/td><td>(2,9)<\/td><td>2,7<\/td><\/tr><tr><td>Gausel<\/td><td>5,2<\/td><td>2,4<\/td><td>3,4<\/td><td>2,9<\/td><td>3,5<\/td><td>3,2<\/td><\/tr><tr><td>Hafrsfjord<\/td><td>4,4<\/td><td>2,5<\/td><td>3,9<\/td><td>2,2<\/td><td>2,8<\/td><td>2,4<\/td><\/tr><tr><td>Hinna<\/td><td>4,4<\/td><td>2,3<\/td><td>2,9<\/td><td>2,4<\/td><td>3,9<\/td><td>3.8<\/td><\/tr><tr><td>Indre Tasta<\/td><td>6,0<\/td><td>3,5<\/td><td>4,7<\/td><td>3,9<\/td><td>5,2<\/td><td>5,2<\/td><\/tr><tr><td>Kampen<\/td><td>8,4<\/td><td>8,0<\/td><td>7,0<\/td><td>5,4<\/td><td>8,6<\/td><td>6,7<\/td><\/tr><tr><td>Kvalaberg<\/td><td>6,7<\/td><td>3,9<\/td><td>5,1<\/td><td>3,5<\/td><td>5,6<\/td><td>4,2<\/td><\/tr><tr><td>Kvernavik<\/td><td>4,7<\/td><td>2,4<\/td><td>3,3<\/td><td>2,5<\/td><td>4,7<\/td><td>3,8<\/td><\/tr><tr><td>Madlamark<\/td><td>5,8<\/td><td>3,0<\/td><td>3,8<\/td><td>3,2<\/td><td>4,9<\/td><td>4,5<\/td><\/tr><tr><td>Rennes\u00f8y<\/td><td><\/td><td><\/td><td><\/td><td><\/td><td>(2,5)<\/td><td>2,2<\/td><\/tr><tr><td>Roalds\u00f8y<\/td><td>4,6<\/td><td>4,0<\/td><td>3,0<\/td><td>2,3<\/td><td>2,9<\/td><td>3,6<\/td><\/tr><tr><td>Stokka<\/td><td>6,1<\/td><td>2,9<\/td><td>4,8<\/td><td>2,4<\/td><td>3,7<\/td><td>3,2<\/td><\/tr><tr><td><strong>Storhaug<\/strong><\/td><td><strong>13,8<\/strong><\/td><td><strong>6,7<\/strong><\/td><td>9,8<\/td><td><strong>9,0<\/strong><\/td><td><strong>10,9<\/strong><\/td><td><strong>9,9<\/strong><\/td><\/tr><tr><td>Sunde<\/td><td>4,4<\/td><td>2,4<\/td><td>3,9<\/td><td>2,7<\/td><td>3,4<\/td><td>2,8<\/td><\/tr><tr><td>Tjensvoll<\/td><td>9,0<\/td><td>4,8<\/td><td>7,5<\/td><td>5,4<\/td><td>6,9<\/td><td>6,1<\/td><\/tr><tr><td>Ullandhaug<\/td><td>8,7<\/td><td>5,9<\/td><td>7,1<\/td><td>6,3<\/td><td>7,7<\/td><td>6,2<\/td><\/tr><tr><td><strong>Varden<\/strong><\/td><td>11,5<\/td><td><strong>6,7<\/strong><\/td><td>9,6<\/td><td>7,2<\/td><td>10,2<\/td><td>8,2<\/td><\/tr><tr><td>Vass\u00f8y<\/td><td>7,5<\/td><td>4,8<\/td><td>4,1<\/td><td>3,0<\/td><td>7,7<\/td><td>5,5<\/td><\/tr><tr><td>Vaulen<\/td><td>4,3<\/td><td>2,4<\/td><td>3,6<\/td><td>2,8<\/td><td>3,7<\/td><td>3,3<\/td><\/tr><tr><td><strong>V\u00e5land<\/strong><\/td><td>13,3<\/td><td><strong>6,7<\/strong><\/td><td><strong>10,8<\/strong><\/td><td>8,1<\/td><td>10,1<\/td><td>9,4<\/td><\/tr><tr><td>Ytre Tasta<\/td><td>5,1<\/td><td>2,7<\/td><td>3,8<\/td><td>3,5<\/td><td>4,9<\/td><td>3,8<\/td><\/tr><\/tbody><\/table><\/figure>\n\n\n\n<p>V\u00e5re beste kretser i Stavanger pleier v\u00e6re Storhaug, V\u00e5land og Varden.<\/p>\n\n\n\n<figure class=\"wp-block-image size-full\"><a href=\"http:\/\/valgblogg.hetland.net\/wp-content\/uploads\/2021\/09\/Valgstat-SV-Stavanger.png\"><img loading=\"lazy\" width=\"836\" height=\"417\" src=\"http:\/\/valgblogg.hetland.net\/wp-content\/uploads\/2021\/09\/Valgstat-SV-Stavanger.png\" alt=\"Graf som viser oppslutningen til Stavanger SV og SV p\u00e5 landsplan i perioden 1987-2019\" class=\"wp-image-180\" srcset=\"https:\/\/valgblogg.hetland.net\/wp-content\/uploads\/2021\/09\/Valgstat-SV-Stavanger.png 836w, https:\/\/valgblogg.hetland.net\/wp-content\/uploads\/2021\/09\/Valgstat-SV-Stavanger-300x150.png 300w, https:\/\/valgblogg.hetland.net\/wp-content\/uploads\/2021\/09\/Valgstat-SV-Stavanger-768x383.png 768w, https:\/\/valgblogg.hetland.net\/wp-content\/uploads\/2021\/09\/Valgstat-SV-Stavanger-624x311.png 624w\" sizes=\"(max-width: 836px) 100vw, 836px\" \/><\/a><figcaption><em>Denne grafen viser oppslutningen til Stavanger SV (bl\u00e5 strek og tall) og SV p\u00e5 landsplan (r\u00f8d strek) for stortings- og fylkestingsvalg i perioden 1987-2019. I mange \u00e5r fulgte disse grafene hverandre veldig tett, men fra 1999 ligger oppslutningen i Stavanger jevnt over noe under oppslutningen p\u00e5 landsplan. Fra 2005 og framover er oppslutningen i Rogaland forholdsvis bedre ved stortingsvalg enn ved fylkestingstingsvalg. B\u00e5de i 2009 og 2013 hadde SV merkbart bedre oppslutning i Stavanger enn p\u00e5 landsplan. Det er dette jeg har kalt Hallgeir-effekten.<\/em><\/figcaption><\/figure>\n\n\n\n<p><\/p>\n","protected":false},"excerpt":{"rendered":"<p>Historiske resultater for SV i Stavanger, inkludert kretsene: &nbsp; 2009 2011 2013 2015 2017 2019 Norge 6,2 4,3 4,1 4,1 6,0 6,0 Rogaland 4,7 2,9 3,3 2,8 3,9 4,1 Stavanger 7,1 3,9 5,2 4,3 5,8 5,1 Austre \u00c5m\u00f8y 2,3 0,8 0,8 2,5 2,2 Bu\u00f8y\/Hundv\u00e5g 4,9 2,3 3,3 2,6 4,6 3,2 Eiganes 8,6 4,0 6,4 4,7 [&hellip;]<\/p>\n","protected":false},"author":1,"featured_media":0,"parent":0,"menu_order":0,"comment_status":"closed","ping_status":"closed","template":"","meta":[],"_links":{"self":[{"href":"https:\/\/valgblogg.hetland.net\/index.php?rest_route=\/wp\/v2\/pages\/71"}],"collection":[{"href":"https:\/\/valgblogg.hetland.net\/index.php?rest_route=\/wp\/v2\/pages"}],"about":[{"href":"https:\/\/valgblogg.hetland.net\/index.php?rest_route=\/wp\/v2\/types\/page"}],"author":[{"embeddable":true,"href":"https:\/\/valgblogg.hetland.net\/index.php?rest_route=\/wp\/v2\/users\/1"}],"replies":[{"embeddable":true,"href":"https:\/\/valgblogg.hetland.net\/index.php?rest_route=%2Fwp%2Fv2%2Fcomments&post=71"}],"version-history":[{"count":11,"href":"https:\/\/valgblogg.hetland.net\/index.php?rest_route=\/wp\/v2\/pages\/71\/revisions"}],"predecessor-version":[{"id":181,"href":"https:\/\/valgblogg.hetland.net\/index.php?rest_route=\/wp\/v2\/pages\/71\/revisions\/181"}],"wp:attachment":[{"href":"https:\/\/valgblogg.hetland.net\/index.php?rest_route=%2Fwp%2Fv2%2Fmedia&parent=71"}],"curies":[{"name":"wp","href":"https:\/\/api.w.org\/{rel}","templated":true}]}}